{"id":2307,"date":"2025-04-16T11:21:21","date_gmt":"2025-04-16T14:21:21","guid":{"rendered":"https:\/\/tumejorversiononline.com\/?page_id=2307"},"modified":"2025-05-23T11:06:50","modified_gmt":"2025-05-23T14:06:50","slug":"terminos-y-condiciones","status":"publish","type":"page","link":"https:\/\/tumejorversiononline.com\/en\/terminos-y-condiciones\/","title":{"rendered":"Terms and conditions"},"content":{"rendered":"<p>[et_pb_section fb_built=&#8221;1&#8243; _builder_version=&#8221;4.27.4&#8243; _module_preset=&#8221;default&#8221; background_image=&#8221;https:\/\/tumejorversiononline.com\/wp-content\/uploads\/2025\/04\/banner-terminos-mobile.webp&#8221; custom_margin=&#8221;4%||||false|false&#8221; custom_margin_tablet=&#8221;4%||||false|false&#8221; custom_margin_phone=&#8221;0%||||false|false&#8221; custom_margin_last_edited=&#8221;on|phone&#8221; global_colors_info=&#8221;{}&#8221;][et_pb_row _builder_version=&#8221;4.27.4&#8243; _module_preset=&#8221;default&#8221; global_colors_info=&#8221;{}&#8221;][et_pb_column type=&#8221;4_4&#8243; _builder_version=&#8221;4.27.4&#8243; _module_preset=&#8221;default&#8221; global_colors_info=&#8221;{}&#8221;][et_pb_text _builder_version=&#8221;4.27.4&#8243; _module_preset=&#8221;default&#8221; text_text_color=&#8221;#ffffff&#8221; text_font_size=&#8221;45px&#8221; text_line_height=&#8221;1.2em&#8221; hover_enabled=&#8221;0&#8243; text_text_color_tablet=&#8221;#57a098&#8243; text_text_color_phone=&#8221;#FFFFFF&#8221; text_text_color_last_edited=&#8221;on|phone&#8221; text_font_size_tablet=&#8221;45px&#8221; text_font_size_phone=&#8221;35px&#8221; text_font_size_last_edited=&#8221;on|phone&#8221; text_orientation_tablet=&#8221;&#8221; text_orientation_phone=&#8221;center&#8221; text_orientation_last_edited=&#8221;on|phone&#8221; global_colors_info=&#8221;{}&#8221; sticky_enabled=&#8221;0&#8243;]<\/p>\n<p>T\u00e9rminos y condiciones<\/p>\n<p>[\/et_pb_text][\/et_pb_column][\/et_pb_row][\/et_pb_section][et_pb_section fb_built=&#8221;1&#8243; _builder_version=&#8221;4.27.4&#8243; _module_preset=&#8221;default&#8221; global_colors_info=&#8221;{}&#8221;][et_pb_row _builder_version=&#8221;4.27.4&#8243; _module_preset=&#8221;default&#8221; global_colors_info=&#8221;{}&#8221;][et_pb_column type=&#8221;4_4&#8243; _builder_version=&#8221;4.27.4&#8243; _module_preset=&#8221;default&#8221; global_colors_info=&#8221;{}&#8221;][et_pb_text _builder_version=&#8221;4.27.4&#8243; _module_preset=&#8221;default&#8221; global_colors_info=&#8221;{}&#8221;]<span style=\"font-size: 30px; color: #ea8f8a;\">Psicoterapia y terapia a distancia<\/span><\/p>\n<p>Mi nombre es Noelia Pettine, titular de #TUMEJORVERSION, soy Licenciada en Psicolog\u00eda graduada en el a\u00f1o 2007 en la Universidad Nacional de Buenos Aires (UBA). Desde entonces desarrolle mi carrera profesional haciendo consultorio y desde hace unos a\u00f1os comenc\u00e9 a hacerlo tambi\u00e9n de manera online y a distancia, obteniendo excelentes resultados junto a mis pacientes.<\/p>\n<p>La Terapia Psicol\u00f3gica a Distancia, ya sea psicol\u00f3gica v\u00eda telef\u00f3nica o programas de videollamadas, tiene una comprobada eficacia terap\u00e9utica tanto como una terapia presencial convencional en un gran porcentaje los casos. De todas maneras, el profesional que atienda su consulta deber\u00e1 evaluar si esta modalidad es lo apropiado para usted, de acuerdo con la situaci\u00f3n ps\u00edquica y emocional en la que se encuentre al momento de consultar. Si acceder a esta forma de tratamiento a distancia no resulta lo m\u00e1s apropiado, se orientar\u00e1 o derivar\u00e1 al tipo de profesional adecuado a su necesidad.<br \/>\nEl grupo que encabezo est\u00e1 compuesto en su totalidad por un conjunto de profesionales psic\u00f3logos con aptitudes y facultades suficientes para brindar servicios terap\u00e9uticos.<\/p>\n<p><span style=\"font-size: 30px; color: #ea8f8a;\">Paciente<\/span><\/p>\n<p>A fin de poder ser paciente de y utilizar los servicios brindados por #TUMEJORVERSION, deber\u00e1s ser mayor de 18 a\u00f1os y aceptar los t\u00e9rminos y condiciones establecidos en el presente.<\/p>\n<p><span style=\"font-size: 30px; color: #ea8f8a;\">Duraci\u00f3n de las sesiones<\/span><\/p>\n<p>La duraci\u00f3n de las sesiones ser\u00e1 variable de acuerdo al enfoque terap\u00e9utico y al tipo de terapia realizada. Seg\u00fan el criterio profesional, la duraci\u00f3n de la sesi\u00f3n podr\u00e1 ir desde 40 minutos a un m\u00e1ximo de 50 minutos.<\/p>\n<p><span style=\"font-size: 30px; color: #ea8f8a;\">Cancelaciones y\/o reprogramaciones<\/span><\/p>\n<p>En caso de necesitar cancelar o reprogramar la sesi\u00f3n, es necesario comunicarlo 24 horas antes del horario pactado, para lo cual deber\u00e1 enviar un correo electr\u00f3nico a info@psicologanoeliapettine.com. En caso de no avisar con antelaci\u00f3n suficiente, la sesi\u00f3n de terapia psicol\u00f3gica deber\u00e1 ser abonada de igual manera.<\/p>\n<p><span style=\"font-size: 30px; color: #ea8f8a;\">Ausencias<\/span><\/p>\n<p>Ausencias sin aviso, ser\u00e1n considerada como abandono de tratamiento por parte del paciente, perdiendo \u00e9ste el derecho a las sesiones abonadas previamente o al horario asignado.<\/p>\n<p><span style=\"font-size: 30px; color: #ea8f8a;\">Pago de las sesiones<\/span><\/p>\n<p>El pago se realizar\u00e1 hasta 24 horas previas al inicio de la sesi\u00f3n terap\u00e9utica, por cualquiera de los canales de pago mencionados en el Sitio. En caso de no estar abonada en ese plazo, se liberar\u00e1 el horario asignado y se deber\u00e1 pactar un nuevo d\u00eda y horario de encuentro.<\/p>\n<p><span style=\"font-size: 30px; color: #ea8f8a;\">Devoluci\u00f3n de dinero abonado<\/span><\/p>\n<p>En caso de cancelaci\u00f3n de la sesi\u00f3n, la devoluci\u00f3n total del dinero s\u00f3lo ser\u00e1 posible si has cancelado con un m\u00ednimo de 24 hs de antelaci\u00f3n y has recibido confirmaci\u00f3n del\u00a0profesional de #TUMEJORVERSION. En caso contrario, el monto abonado no ser\u00e1 devuelto.Fallas en la conexi\u00f3n o comunicaci\u00f3n<\/p>\n<p>El acceso y conexi\u00f3n a redes telef\u00f3nicas o a internet por parte del paciente para la realizaci\u00f3n de la sesi\u00f3n de terapia psicol\u00f3gica es responsabilidad exclusiva del paciente. #TUMEJORVERSION\u00a0queda absuelta de todo tipo de problemas generados debido a la conexi\u00f3n a internet por parte del paciente. En caso de existir inconvenientes en la conexi\u00f3n por parte del profesional, por fallas de cualquier tipo de algunas de las redes, el paciente deber\u00e1 esperar por espacio de cinco (5) minutos y si no se lograse reestablecer la comunicaci\u00f3n, se reprogramar\u00e1 la sesi\u00f3n para otro horario o d\u00eda que le resulte conveniente.<\/p>\n<p><span style=\"font-size: 30px; color: #ea8f8a;\">Modificaci\u00f3n de t\u00e9rminos y condiciones<\/span><\/p>\n<p>#TUMEJORVERSION\u00a0podr\u00e1 modificar total o parcialmente estos t\u00e9rminos y condiciones, por lo es recomendable leer los mismos en forma peri\u00f3dica. #TUMEJORVERSION\u00a0se reserva el derecho a modificar y\/o adaptar los T\u00e9rminos y Condiciones de Uso presentes cuando lo considere necesario. La \u00faltima versi\u00f3n de estos T\u00e9rminos y Condiciones de Uso estar\u00e1 disponible en el sitio en la secci\u00f3n T\u00e9rminos y Condiciones, cuyo contenido declara conocer y aceptar en cada oportunidad que visita o utiliza nuestros servicios. Ud. reconoce haber le\u00eddo los presentes T\u00e9rminos, prestando conformidad con las mismas en todos sus t\u00e9rminos. Se compromete y garantiza a #TUMEJORVERSION y sus profesionales a no usar #TUMEJORVERSION para fines ilegales, no autorizados y\/o que desvirt\u00faen los enunciados de las presentes condiciones.<\/p>\n<p><span style=\"font-size: 30px; color: #ea8f8a;\">Ley aplicable y jurisdicci\u00f3n<\/span><\/p>\n<p>Toda relaci\u00f3n que se genere en virtud del acceso del visitante a nuestro Sitio entre el visitante y el Titular del Sitio y\/o la relaci\u00f3n que se genere entre el Titular del Sitio y el paciente registrado ser\u00e1 regida y concertada en total sujeci\u00f3n a las leyes de la Rep\u00fablica Argentina, con exclusi\u00f3n de toda norma de su sistema de derecho internacional privado o que remita a la aplicaci\u00f3n de cualquier ley que no sea argentina, renunciando Ud. a cualquier otra ley a cuya aplicaci\u00f3n podr\u00eda tener derecho. Asimismo, resultar\u00e1n competentes para dirimir cualquier controversia o procedimiento legal que surja entre Ud. y el Titular del Sitio los Tribunales de la Ciudad Rosario, Santa Fe, cualquiera sea la causa de la acci\u00f3n o el reclamo, con renuncia expresa por parte suya a cualquier otra jurisdicci\u00f3n que pudiera corresponderle.<\/p>\n<p><span style=\"font-size: 30px; color: #ea8f8a;\">Violaci\u00f3n de derechos, confidencialidad, privacidad y secreto profesional<\/span><\/p>\n<p>Se encuentra terminantemente prohibido la grabaci\u00f3n de una sesi\u00f3n (im\u00e1genes, sonidos, textos o cualquier tipo de intercambio de informaci\u00f3n) por cualquiera de las partes (paciente o terapeuta). En el caso de un uso indebido de este tipo de informaci\u00f3n, se incurrir\u00e1 en la violaci\u00f3n de derechos autorizados. Por nuestra parte, los\u00a0profesionales psic\u00f3logos de #TUMEJORVERSION, se comprometen a ejercer su profesi\u00f3n guiados por los principios y reglas de acci\u00f3n que contiene el C\u00f3digo de \u00c9tica de la Federaci\u00f3n de Psic\u00f3logos de la Rep\u00fablica Argentina (FEPRA). Entre estos principios, el \u201cSecreto Profesional\u201d rige la pr\u00e1ctica de la psicolog\u00eda y es entendido como una \u201cobligaci\u00f3n y derecho permanente de silencio que contrae el psic\u00f3logo en el transcurso del ejercicio de su profesi\u00f3n, cualquiera sea la relaci\u00f3n profesional, \u00e1mbito de actividad y tipo de prestaci\u00f3n, respecto de todo lo sabido, intuido, percibido o presentido con relaci\u00f3n a las personas que lo consulten o las que traten como pacientes, procurando ser tan discreto que ni directa o indirectamente nada pueda ser descubierto, preservando as\u00ed la intimidad de los mismos. El deber de guardar secreto profesional subsistir\u00e1 a\u00fan despu\u00e9s de concluida la relaci\u00f3n profesional o producida la muerte del paciente\u201d.\u2028Lea con atenci\u00f3n los presentes T\u00e9rminos y Condiciones antes de solicitar o utilizar nuestros servicios. Si Ud. no acepta en forma total los presentes T\u00e9rminos y Condiciones, le rogamos que no solicite o utilice nuestros servicios. En caso de contactarnos para solicitar nuestros servicios, se entender\u00e1 que Ud. acept\u00f3 los presentes T\u00e9rminos y Condiciones. Los T\u00e9rminos y Condiciones podr\u00e1n ser modificados en todo o en parte \u00fanicamente por el Titular del Sitio, y dichos cambios e implementaciones tendr\u00e1n vigencia a partir del momento mismo en que sean publicados o insertados en el Sitio o desde que sean notificados a Ud. por cualquier medio, lo que ocurra primero. Por lo expuesto, le sugerimos que los visite peri\u00f3dicamente. Las violaciones a los T\u00e9rminos y Condiciones generar\u00e1n el derecho en favor del Titular del Sitio a suspender o terminar la prestaci\u00f3n del servicio al paciente que las haya realizado, por acci\u00f3n u omisi\u00f3n.[\/et_pb_text][\/et_pb_column][\/et_pb_row][\/et_pb_section][et_pb_section fb_built=&#8221;1&#8243; _builder_version=&#8221;4.27.4&#8243; _module_preset=&#8221;default&#8221; background_image=&#8221;https:\/\/tumejorversiononline.com\/wp-content\/uploads\/2025\/04\/Group-290145.jpg&#8221; custom_padding=&#8221;5%||5%||false|false&#8221; global_colors_info=&#8221;{}&#8221;][et_pb_row _builder_version=&#8221;4.27.4&#8243; _module_preset=&#8221;default&#8221; global_colors_info=&#8221;{}&#8221;][et_pb_column type=&#8221;4_4&#8243; _builder_version=&#8221;4.27.4&#8243; _module_preset=&#8221;default&#8221; global_colors_info=&#8221;{}&#8221;][et_pb_button button_url=&#8221;https:\/\/api.whatsapp.com\/send\/?phone=17864056178&#038;text&#038;type=phone_number&#038;app_absent=0&#8243; url_new_window=&#8221;on&#8221; button_text=&#8221;Hacer consulta&#8221; button_alignment=&#8221;center&#8221; _builder_version=&#8221;4.27.4&#8243; _module_preset=&#8221;default&#8221; custom_button=&#8221;on&#8221; button_text_size=&#8221;18px&#8221; button_text_color=&#8221;#FFFFFF&#8221; button_bg_color=&#8221;#ea8f8a&#8221; button_icon=&#8221;&#x49;||divi||400&#8243; button_icon_color=&#8221;#FFFFFF&#8221; global_colors_info=&#8221;{}&#8221;][\/et_pb_button][\/et_pb_column][\/et_pb_row][\/et_pb_section]<\/p>\n","protected":false},"excerpt":{"rendered":"<p>T\u00e9rminos y condicionesPsicoterapia y terapia a distancia Mi nombre es Noelia Pettine, titular de #TUMEJORVERSION, soy Licenciada en Psicolog\u00eda graduada en el a\u00f1o 2007 en la Universidad Nacional de Buenos Aires (UBA). Desde entonces desarrolle mi carrera profesional haciendo consultorio y desde hace unos a\u00f1os comenc\u00e9 a hacerlo tambi\u00e9n de manera online y a distancia, [&hellip;]<\/p>\n","protected":false},"author":1,"featured_media":0,"parent":0,"menu_order":0,"comment_status":"closed","ping_status":"closed","template":"","meta":{"_et_pb_use_builder":"on","_et_pb_old_content":"","_et_gb_content_width":"","_joinchat":[],"footnotes":""},"class_list":["post-2307","page","type-page","status-publish","hentry"],"yoast_head":"<!-- This site is optimized with the Yoast SEO plugin v27.1.1 - https:\/\/yoast.com\/product\/yoast-seo-wordpress\/ -->\n<title>T\u00e9rminos y condiciones - TU MEJOR VERSI&Oacute;N ONLINE<\/title>\n<meta name=\"robots\" content=\"index, follow, max-snippet:-1, max-image-preview:large, max-video-preview:-1\" \/>\n<link rel=\"canonical\" href=\"https:\/\/tumejorversiononline.com\/en\/terminos-y-condiciones\/\" \/>\n<meta property=\"og:locale\" content=\"en_US\" \/>\n<meta property=\"og:type\" content=\"article\" \/>\n<meta property=\"og:title\" content=\"T\u00e9rminos y condiciones - TU MEJOR VERSI&Oacute;N ONLINE\" \/>\n<meta property=\"og:description\" content=\"T\u00e9rminos y condicionesPsicoterapia y terapia a distancia Mi nombre es Noelia Pettine, titular de #TUMEJORVERSION, soy Licenciada en Psicolog\u00eda graduada en el a\u00f1o 2007 en la Universidad Nacional de Buenos Aires (UBA). Desde entonces desarrolle mi carrera profesional haciendo consultorio y desde hace unos a\u00f1os comenc\u00e9 a hacerlo tambi\u00e9n de manera online y a distancia, [&hellip;]\" \/>\n<meta property=\"og:url\" content=\"https:\/\/tumejorversiononline.com\/en\/terminos-y-condiciones\/\" \/>\n<meta property=\"og:site_name\" content=\"TU MEJOR VERSI&Oacute;N ONLINE\" \/>\n<meta property=\"article:modified_time\" content=\"2025-05-23T14:06:50+00:00\" \/>\n<meta name=\"twitter:card\" content=\"summary_large_image\" \/>\n<script type=\"application\/ld+json\" class=\"yoast-schema-graph\">{\"@context\":\"https:\/\/schema.org\",\"@graph\":[{\"@type\":\"WebPage\",\"@id\":\"https:\/\/tumejorversiononline.com\/terminos-y-condiciones\/\",\"url\":\"https:\/\/tumejorversiononline.com\/terminos-y-condiciones\/\",\"name\":\"T\u00e9rminos y condiciones - TU MEJOR VERSI&Oacute;N ONLINE\",\"isPartOf\":{\"@id\":\"https:\/\/tumejorversiononline.com\/#website\"},\"datePublished\":\"2025-04-16T14:21:21+00:00\",\"dateModified\":\"2025-05-23T14:06:50+00:00\",\"breadcrumb\":{\"@id\":\"https:\/\/tumejorversiononline.com\/terminos-y-condiciones\/#breadcrumb\"},\"inLanguage\":\"en-US\",\"potentialAction\":[{\"@type\":\"ReadAction\",\"target\":[\"https:\/\/tumejorversiononline.com\/terminos-y-condiciones\/\"]}]},{\"@type\":\"BreadcrumbList\",\"@id\":\"https:\/\/tumejorversiononline.com\/terminos-y-condiciones\/#breadcrumb\",\"itemListElement\":[{\"@type\":\"ListItem\",\"position\":1,\"name\":\"Inicio\",\"item\":\"https:\/\/tumejorversiononline.com\/\"},{\"@type\":\"ListItem\",\"position\":2,\"name\":\"T\u00e9rminos y condiciones\"}]},{\"@type\":\"WebSite\",\"@id\":\"https:\/\/tumejorversiononline.com\/#website\",\"url\":\"https:\/\/tumejorversiononline.com\/\",\"name\":\"TU MEJOR VERSI&Oacute;N ONLINE\",\"description\":\"\",\"potentialAction\":[{\"@type\":\"SearchAction\",\"target\":{\"@type\":\"EntryPoint\",\"urlTemplate\":\"https:\/\/tumejorversiononline.com\/?s={search_term_string}\"},\"query-input\":{\"@type\":\"PropertyValueSpecification\",\"valueRequired\":true,\"valueName\":\"search_term_string\"}}],\"inLanguage\":\"en-US\"}]}<\/script>\n<!-- \/ Yoast SEO plugin. -->","yoast_head_json":{"title":"T\u00e9rminos y condiciones - TU MEJOR VERSI&Oacute;N ONLINE","robots":{"index":"index","follow":"follow","max-snippet":"max-snippet:-1","max-image-preview":"max-image-preview:large","max-video-preview":"max-video-preview:-1"},"canonical":"https:\/\/tumejorversiononline.com\/en\/terminos-y-condiciones\/","og_locale":"en_US","og_type":"article","og_title":"T\u00e9rminos y condiciones - TU MEJOR VERSI&Oacute;N ONLINE","og_description":"T\u00e9rminos y condicionesPsicoterapia y terapia a distancia Mi nombre es Noelia Pettine, titular de #TUMEJORVERSION, soy Licenciada en Psicolog\u00eda graduada en el a\u00f1o 2007 en la Universidad Nacional de Buenos Aires (UBA). Desde entonces desarrolle mi carrera profesional haciendo consultorio y desde hace unos a\u00f1os comenc\u00e9 a hacerlo tambi\u00e9n de manera online y a distancia, [&hellip;]","og_url":"https:\/\/tumejorversiononline.com\/en\/terminos-y-condiciones\/","og_site_name":"TU MEJOR VERSI&Oacute;N ONLINE","article_modified_time":"2025-05-23T14:06:50+00:00","twitter_card":"summary_large_image","schema":{"@context":"https:\/\/schema.org","@graph":[{"@type":"WebPage","@id":"https:\/\/tumejorversiononline.com\/terminos-y-condiciones\/","url":"https:\/\/tumejorversiononline.com\/terminos-y-condiciones\/","name":"T\u00e9rminos y condiciones - TU MEJOR VERSI&Oacute;N ONLINE","isPartOf":{"@id":"https:\/\/tumejorversiononline.com\/#website"},"datePublished":"2025-04-16T14:21:21+00:00","dateModified":"2025-05-23T14:06:50+00:00","breadcrumb":{"@id":"https:\/\/tumejorversiononline.com\/terminos-y-condiciones\/#breadcrumb"},"inLanguage":"en-US","potentialAction":[{"@type":"ReadAction","target":["https:\/\/tumejorversiononline.com\/terminos-y-condiciones\/"]}]},{"@type":"BreadcrumbList","@id":"https:\/\/tumejorversiononline.com\/terminos-y-condiciones\/#breadcrumb","itemListElement":[{"@type":"ListItem","position":1,"name":"Inicio","item":"https:\/\/tumejorversiononline.com\/"},{"@type":"ListItem","position":2,"name":"T\u00e9rminos y condiciones"}]},{"@type":"WebSite","@id":"https:\/\/tumejorversiononline.com\/#website","url":"https:\/\/tumejorversiononline.com\/","name":"TU MEJOR VERSI&Oacute;N ONLINE","description":"","potentialAction":[{"@type":"SearchAction","target":{"@type":"EntryPoint","urlTemplate":"https:\/\/tumejorversiononline.com\/?s={search_term_string}"},"query-input":{"@type":"PropertyValueSpecification","valueRequired":true,"valueName":"search_term_string"}}],"inLanguage":"en-US"}]}},"_links":{"self":[{"href":"https:\/\/tumejorversiononline.com\/en\/wp-json\/wp\/v2\/pages\/2307","targetHints":{"allow":["GET"]}}],"collection":[{"href":"https:\/\/tumejorversiononline.com\/en\/wp-json\/wp\/v2\/pages"}],"about":[{"href":"https:\/\/tumejorversiononline.com\/en\/wp-json\/wp\/v2\/types\/page"}],"author":[{"embeddable":true,"href":"https:\/\/tumejorversiononline.com\/en\/wp-json\/wp\/v2\/users\/1"}],"replies":[{"embeddable":true,"href":"https:\/\/tumejorversiononline.com\/en\/wp-json\/wp\/v2\/comments?post=2307"}],"version-history":[{"count":10,"href":"https:\/\/tumejorversiononline.com\/en\/wp-json\/wp\/v2\/pages\/2307\/revisions"}],"predecessor-version":[{"id":2924,"href":"https:\/\/tumejorversiononline.com\/en\/wp-json\/wp\/v2\/pages\/2307\/revisions\/2924"}],"wp:attachment":[{"href":"https:\/\/tumejorversiononline.com\/en\/wp-json\/wp\/v2\/media?parent=2307"}],"curies":[{"name":"wp","href":"https:\/\/api.w.org\/{rel}","templated":true}]}}