{"id":22,"date":"2025-03-14T13:19:02","date_gmt":"2025-03-14T16:19:02","guid":{"rendered":"https:\/\/tumejorversiononline.com\/?page_id=22"},"modified":"2025-04-24T15:43:48","modified_gmt":"2025-04-24T18:43:48","slug":"evaluaciones","status":"publish","type":"page","link":"https:\/\/tumejorversiononline.com\/en\/evaluaciones\/","title":{"rendered":"Evaluations"},"content":{"rendered":"\n[et_pb_section admin_label=&#8221;section&#8221;]\n\t\t\t[et_pb_row admin_label=&#8221;row&#8221;]\n\t\t\t\t[et_pb_column type=&#8221;4_4&#8243;][et_pb_text admin_label=&#8221;Text&#8221;][\/et_pb_text][\/et_pb_column]\n\t\t\t[\/et_pb_row]\n\t\t[\/et_pb_section]\n","protected":false},"excerpt":{"rendered":"","protected":false},"author":1,"featured_media":0,"parent":0,"menu_order":0,"comment_status":"closed","ping_status":"closed","template":"","meta":{"_et_pb_use_builder":"on","_et_pb_old_content":"<!-- wp:divi\/placeholder \/-->","_et_gb_content_width":"","_joinchat":[],"footnotes":""},"class_list":["post-22","page","type-page","status-publish","hentry"],"yoast_head":"<!-- This site is optimized with the Yoast SEO plugin v27.1.1 - https:\/\/yoast.com\/product\/yoast-seo-wordpress\/ -->\n<title>Evaluaci\u00f3n Psicol\u00f3gicas para Emigrar a EE.UU. | TMVO<\/title>\n<meta name=\"description\" content=\"Realiza tu evaluaci\u00f3n psicol\u00f3gica online para tr\u00e1mites migratorios a EE. UU. Servicio en espa\u00f1ol, r\u00e1pido y desde cualquier lugar del mundo.\" \/>\n<meta name=\"robots\" content=\"index, follow, max-snippet:-1, max-image-preview:large, max-video-preview:-1\" \/>\n<link rel=\"canonical\" href=\"https:\/\/tumejorversiononline.com\/en\/evaluaciones\/\" \/>\n<meta property=\"og:locale\" content=\"en_US\" \/>\n<meta property=\"og:type\" content=\"article\" \/>\n<meta property=\"og:title\" content=\"Evaluaci\u00f3n Psicol\u00f3gicas para Emigrar a EE.UU. | TMVO\" \/>\n<meta property=\"og:description\" content=\"Realiza tu evaluaci\u00f3n psicol\u00f3gica online para tr\u00e1mites migratorios a EE. UU. Servicio en espa\u00f1ol, r\u00e1pido y desde cualquier lugar del mundo.\" \/>\n<meta property=\"og:url\" content=\"https:\/\/tumejorversiononline.com\/en\/evaluaciones\/\" \/>\n<meta property=\"og:site_name\" content=\"TU MEJOR VERSI&Oacute;N ONLINE\" \/>\n<meta property=\"article:modified_time\" content=\"2025-04-24T18:43:48+00:00\" \/>\n<meta name=\"twitter:card\" content=\"summary_large_image\" \/>\n<script type=\"application\/ld+json\" class=\"yoast-schema-graph\">{\"@context\":\"https:\/\/schema.org\",\"@graph\":[{\"@type\":\"WebPage\",\"@id\":\"https:\/\/tumejorversiononline.com\/evaluaciones\/\",\"url\":\"https:\/\/tumejorversiononline.com\/evaluaciones\/\",\"name\":\"Evaluaci\u00f3n Psicol\u00f3gicas para Emigrar a EE.UU. | TMVO\",\"isPartOf\":{\"@id\":\"https:\/\/tumejorversiononline.com\/#website\"},\"datePublished\":\"2025-03-14T16:19:02+00:00\",\"dateModified\":\"2025-04-24T18:43:48+00:00\",\"description\":\"Realiza tu evaluaci\u00f3n psicol\u00f3gica online para tr\u00e1mites migratorios a EE. UU. Servicio en espa\u00f1ol, r\u00e1pido y desde cualquier lugar del mundo.\",\"breadcrumb\":{\"@id\":\"https:\/\/tumejorversiononline.com\/evaluaciones\/#breadcrumb\"},\"inLanguage\":\"en-US\",\"potentialAction\":[{\"@type\":\"ReadAction\",\"target\":[\"https:\/\/tumejorversiononline.com\/evaluaciones\/\"]}]},{\"@type\":\"BreadcrumbList\",\"@id\":\"https:\/\/tumejorversiononline.com\/evaluaciones\/#breadcrumb\",\"itemListElement\":[{\"@type\":\"ListItem\",\"position\":1,\"name\":\"Inicio\",\"item\":\"https:\/\/tumejorversiononline.com\/\"},{\"@type\":\"ListItem\",\"position\":2,\"name\":\"Evaluaciones\"}]},{\"@type\":\"WebSite\",\"@id\":\"https:\/\/tumejorversiononline.com\/#website\",\"url\":\"https:\/\/tumejorversiononline.com\/\",\"name\":\"TU MEJOR VERSI&Oacute;N ONLINE\",\"description\":\"\",\"potentialAction\":[{\"@type\":\"SearchAction\",\"target\":{\"@type\":\"EntryPoint\",\"urlTemplate\":\"https:\/\/tumejorversiononline.com\/?s={search_term_string}\"},\"query-input\":{\"@type\":\"PropertyValueSpecification\",\"valueRequired\":true,\"valueName\":\"search_term_string\"}}],\"inLanguage\":\"en-US\"}]}<\/script>\n<!-- \/ Yoast SEO plugin. -->","yoast_head_json":{"title":"Evaluaci\u00f3n Psicol\u00f3gicas para Emigrar a EE.UU. | TMVO","description":"Realiza tu evaluaci\u00f3n psicol\u00f3gica online para tr\u00e1mites migratorios a EE. UU. Servicio en espa\u00f1ol, r\u00e1pido y desde cualquier lugar del mundo.","robots":{"index":"index","follow":"follow","max-snippet":"max-snippet:-1","max-image-preview":"max-image-preview:large","max-video-preview":"max-video-preview:-1"},"canonical":"https:\/\/tumejorversiononline.com\/en\/evaluaciones\/","og_locale":"en_US","og_type":"article","og_title":"Evaluaci\u00f3n Psicol\u00f3gicas para Emigrar a EE.UU. | TMVO","og_description":"Realiza tu evaluaci\u00f3n psicol\u00f3gica online para tr\u00e1mites migratorios a EE. UU. Servicio en espa\u00f1ol, r\u00e1pido y desde cualquier lugar del mundo.","og_url":"https:\/\/tumejorversiononline.com\/en\/evaluaciones\/","og_site_name":"TU MEJOR VERSI&Oacute;N ONLINE","article_modified_time":"2025-04-24T18:43:48+00:00","twitter_card":"summary_large_image","schema":{"@context":"https:\/\/schema.org","@graph":[{"@type":"WebPage","@id":"https:\/\/tumejorversiononline.com\/evaluaciones\/","url":"https:\/\/tumejorversiononline.com\/evaluaciones\/","name":"Evaluaci\u00f3n Psicol\u00f3gicas para Emigrar a EE.UU. | TMVO","isPartOf":{"@id":"https:\/\/tumejorversiononline.com\/#website"},"datePublished":"2025-03-14T16:19:02+00:00","dateModified":"2025-04-24T18:43:48+00:00","description":"Realiza tu evaluaci\u00f3n psicol\u00f3gica online para tr\u00e1mites migratorios a EE. UU. Servicio en espa\u00f1ol, r\u00e1pido y desde cualquier lugar del mundo.","breadcrumb":{"@id":"https:\/\/tumejorversiononline.com\/evaluaciones\/#breadcrumb"},"inLanguage":"en-US","potentialAction":[{"@type":"ReadAction","target":["https:\/\/tumejorversiononline.com\/evaluaciones\/"]}]},{"@type":"BreadcrumbList","@id":"https:\/\/tumejorversiononline.com\/evaluaciones\/#breadcrumb","itemListElement":[{"@type":"ListItem","position":1,"name":"Inicio","item":"https:\/\/tumejorversiononline.com\/"},{"@type":"ListItem","position":2,"name":"Evaluaciones"}]},{"@type":"WebSite","@id":"https:\/\/tumejorversiononline.com\/#website","url":"https:\/\/tumejorversiononline.com\/","name":"TU MEJOR VERSI&Oacute;N ONLINE","description":"","potentialAction":[{"@type":"SearchAction","target":{"@type":"EntryPoint","urlTemplate":"https:\/\/tumejorversiononline.com\/?s={search_term_string}"},"query-input":{"@type":"PropertyValueSpecification","valueRequired":true,"valueName":"search_term_string"}}],"inLanguage":"en-US"}]}},"_links":{"self":[{"href":"https:\/\/tumejorversiononline.com\/en\/wp-json\/wp\/v2\/pages\/22","targetHints":{"allow":["GET"]}}],"collection":[{"href":"https:\/\/tumejorversiononline.com\/en\/wp-json\/wp\/v2\/pages"}],"about":[{"href":"https:\/\/tumejorversiononline.com\/en\/wp-json\/wp\/v2\/types\/page"}],"author":[{"embeddable":true,"href":"https:\/\/tumejorversiononline.com\/en\/wp-json\/wp\/v2\/users\/1"}],"replies":[{"embeddable":true,"href":"https:\/\/tumejorversiononline.com\/en\/wp-json\/wp\/v2\/comments?post=22"}],"version-history":[{"count":3,"href":"https:\/\/tumejorversiononline.com\/en\/wp-json\/wp\/v2\/pages\/22\/revisions"}],"predecessor-version":[{"id":2482,"href":"https:\/\/tumejorversiononline.com\/en\/wp-json\/wp\/v2\/pages\/22\/revisions\/2482"}],"wp:attachment":[{"href":"https:\/\/tumejorversiononline.com\/en\/wp-json\/wp\/v2\/media?parent=22"}],"curies":[{"name":"wp","href":"https:\/\/api.w.org\/{rel}","templated":true}]}}